{"id":4361,"date":"2022-05-11T14:37:46","date_gmt":"2022-05-11T14:37:46","guid":{"rendered":"https:\/\/watersportsantapola.com\/reservas\/?post_type=product&#038;p=4361"},"modified":"2026-03-15T18:05:34","modified_gmt":"2026-03-15T18:05:34","slug":"alquiler-de-veleros-en-santa-pola","status":"publish","type":"product","link":"https:\/\/watersportsantapola.com\/reservas\/product\/alquiler-de-veleros-en-santa-pola\/","title":{"rendered":"Alquiler de Veleros en Santa Pola Moratin"},"content":{"rendered":"","protected":false},"excerpt":{"rendered":"<p>WATER SPORT SANTA POLA te ofrece ahora la posibilidad de navegar de pasar un d\u00eda inolvidable navegando con un velero totalmente equipado. Hacemos alquileres con patr\u00f3n con capacidad de hasta 12 personas, conoce nuestras excursiones a la Isla de Tabarca durante todo el d\u00eda, y de nuestros atardeceres con unas vistas incre\u00edbles desde el mar.<\/p>\n","protected":false},"featured_media":4363,"template":"","meta":[],"product_brand":[],"product_cat":[15,39],"product_tag":[],"class_list":{"0":"post-4361","1":"product","2":"type-product","3":"status-publish","4":"has-post-thumbnail","6":"product_cat-uncategorized","7":"product_cat-alquiler-de-veleros","9":"first","10":"instock","11":"virtual","12":"sold-individually","13":"purchasable","14":"product-type-booking"},"yoast_head":"<!-- This site is optimized with the Yoast SEO Premium plugin v14.9 - https:\/\/yoast.com\/wordpress\/plugins\/seo\/ -->\n<title>Alquiler de Veleros en Santa Pola - Barcos de Alquiler en Alicante<\/title>\n<meta name=\"description\" content=\"alquiler de veleros en santa pola al mejor precio. Disfruta de los mejores barcos de alquiler en alicante con water sports santa pola.\" \/>\n<meta name=\"robots\" content=\"index, follow, max-snippet:-1, max-image-preview:large, max-video-preview:-1\" \/>\n<link rel=\"canonical\" href=\"https:\/\/watersportsantapola.com\/reservas\/product\/alquiler-de-veleros-en-santa-pola\/\" \/>\n<meta property=\"og:locale\" content=\"es_ES\" \/>\n<meta property=\"og:type\" content=\"article\" \/>\n<meta property=\"og:title\" content=\"Alquiler de Veleros en Santa Pola - Barcos de Alquiler en Alicante\" \/>\n<meta property=\"og:description\" content=\"alquiler de veleros en santa pola al mejor precio. Disfruta de los mejores barcos de alquiler en alicante con water sports santa pola.\" \/>\n<meta property=\"og:url\" content=\"https:\/\/watersportsantapola.com\/reservas\/product\/alquiler-de-veleros-en-santa-pola\/\" \/>\n<meta property=\"og:site_name\" content=\"alquiler de veleros en santa pola | barcos de alquiler en santa pola\" \/>\n<meta property=\"article:modified_time\" content=\"2026-03-15T18:05:34+00:00\" \/>\n<meta property=\"og:image\" content=\"https:\/\/watersportsantapola.com\/reservas\/wp-content\/uploads\/2022\/05\/alquiler-de-veleros-en-santa-pola.jpeg\" \/>\n\t<meta property=\"og:image:width\" content=\"2048\" \/>\n\t<meta property=\"og:image:height\" content=\"1152\" \/>\n<meta name=\"twitter:card\" content=\"summary_large_image\" \/>\n<script type=\"application\/ld+json\" class=\"yoast-schema-graph\">{\"@context\":\"https:\/\/schema.org\",\"@graph\":[{\"@type\":\"WebSite\",\"@id\":\"https:\/\/watersportsantapola.com\/reservas\/#website\",\"url\":\"https:\/\/watersportsantapola.com\/reservas\/\",\"name\":\"alquiler de veleros en santa pola | barcos de alquiler en santa pola\",\"description\":\"Jet Ski Santa Pola \",\"potentialAction\":[{\"@type\":\"SearchAction\",\"target\":\"https:\/\/watersportsantapola.com\/reservas\/?s={search_term_string}\",\"query-input\":\"required name=search_term_string\"}],\"inLanguage\":\"es\"},{\"@type\":\"ImageObject\",\"@id\":\"https:\/\/watersportsantapola.com\/reservas\/product\/alquiler-de-veleros-en-santa-pola\/#primaryimage\",\"inLanguage\":\"es\",\"url\":\"https:\/\/watersportsantapola.com\/reservas\/wp-content\/uploads\/2022\/05\/alquiler-de-veleros-en-santa-pola.jpeg\",\"width\":2048,\"height\":1152},{\"@type\":\"WebPage\",\"@id\":\"https:\/\/watersportsantapola.com\/reservas\/product\/alquiler-de-veleros-en-santa-pola\/#webpage\",\"url\":\"https:\/\/watersportsantapola.com\/reservas\/product\/alquiler-de-veleros-en-santa-pola\/\",\"name\":\"Alquiler de Veleros en Santa Pola - Barcos de Alquiler en Alicante\",\"isPartOf\":{\"@id\":\"https:\/\/watersportsantapola.com\/reservas\/#website\"},\"primaryImageOfPage\":{\"@id\":\"https:\/\/watersportsantapola.com\/reservas\/product\/alquiler-de-veleros-en-santa-pola\/#primaryimage\"},\"datePublished\":\"2022-05-11T14:37:46+00:00\",\"dateModified\":\"2026-03-15T18:05:34+00:00\",\"description\":\"alquiler de veleros en santa pola al mejor precio. Disfruta de los mejores barcos de alquiler en alicante con water sports santa pola.\",\"inLanguage\":\"es\",\"potentialAction\":[{\"@type\":\"ReadAction\",\"target\":[\"https:\/\/watersportsantapola.com\/reservas\/product\/alquiler-de-veleros-en-santa-pola\/\"]}]}]}<\/script>\n<!-- \/ Yoast SEO Premium plugin. -->","_links":{"self":[{"href":"https:\/\/watersportsantapola.com\/reservas\/wp-json\/wp\/v2\/product\/4361","targetHints":{"allow":["GET"]}}],"collection":[{"href":"https:\/\/watersportsantapola.com\/reservas\/wp-json\/wp\/v2\/product"}],"about":[{"href":"https:\/\/watersportsantapola.com\/reservas\/wp-json\/wp\/v2\/types\/product"}],"wp:featuredmedia":[{"embeddable":true,"href":"https:\/\/watersportsantapola.com\/reservas\/wp-json\/wp\/v2\/media\/4363"}],"wp:attachment":[{"href":"https:\/\/watersportsantapola.com\/reservas\/wp-json\/wp\/v2\/media?parent=4361"}],"wp:term":[{"taxonomy":"product_brand","embeddable":true,"href":"https:\/\/watersportsantapola.com\/reservas\/wp-json\/wp\/v2\/product_brand?post=4361"},{"taxonomy":"product_cat","embeddable":true,"href":"https:\/\/watersportsantapola.com\/reservas\/wp-json\/wp\/v2\/product_cat?post=4361"},{"taxonomy":"product_tag","embeddable":true,"href":"https:\/\/watersportsantapola.com\/reservas\/wp-json\/wp\/v2\/product_tag?post=4361"}],"curies":[{"name":"wp","href":"https:\/\/api.w.org\/{rel}","templated":true}]}}