{"id":1591,"date":"2021-03-17T13:27:04","date_gmt":"2021-03-17T13:27:04","guid":{"rendered":"http:\/\/turismoibi.com\/prueba1\/?post_type=product&#038;p=1591"},"modified":"2026-03-15T18:46:53","modified_gmt":"2026-03-15T18:46:53","slug":"alquiler-de-motos-de-agua-en-santa-pola-con-licencia-gtx-130","status":"publish","type":"product","link":"https:\/\/watersportsantapola.com\/reservas\/product\/alquiler-de-motos-de-agua-en-santa-pola-con-licencia-gtx-130\/","title":{"rendered":"Jet Ski libre 4 Horas GTX 130"},"content":{"rendered":"","protected":false},"excerpt":{"rendered":"<p>Alquiler de medio d\u00eda: <strong>4 horas<\/strong> con titulaci\u00f3n m\u00ednima y licencia de navegaci\u00f3n. Capacidad para 3 personas y fianza de 700 \u20ac, si la reserva es de m\u00e1s de 2 motos la fianza ser\u00e1 de 1000 \u20ac (Gasolina NO incluida).<\/p>\n<p><strong>Las SALIDAS de esta actividad se realizaran a las 10:00 y a las 15:00 horas<\/strong><\/p>\n","protected":false},"featured_media":2269,"template":"","meta":[],"product_brand":[],"product_cat":[15,31],"product_tag":[],"class_list":{"0":"post-1591","1":"product","2":"type-product","3":"status-publish","4":"has-post-thumbnail","6":"product_cat-uncategorized","7":"product_cat-alquilar-motos-de-agua-en-santa-pola-sin-licencia","9":"first","10":"instock","11":"virtual","12":"sold-individually","13":"purchasable","14":"product-type-booking"},"yoast_head":"<!-- This site is optimized with the Yoast SEO Premium plugin v14.9 - https:\/\/yoast.com\/wordpress\/plugins\/seo\/ -->\n<title>Jet Ski libre 4 Horas GTX 130 - alquiler de veleros en santa pola | barcos de alquiler en santa pola<\/title>\n<meta name=\"robots\" content=\"index, follow, max-snippet:-1, max-image-preview:large, max-video-preview:-1\" \/>\n<link rel=\"canonical\" href=\"https:\/\/watersportsantapola.com\/reservas\/product\/alquiler-de-motos-de-agua-en-santa-pola-con-licencia-gtx-130\/\" \/>\n<meta property=\"og:locale\" content=\"es_ES\" \/>\n<meta property=\"og:type\" content=\"article\" \/>\n<meta property=\"og:title\" content=\"Jet Ski libre 4 Horas GTX 130 - alquiler de veleros en santa pola | barcos de alquiler en santa pola\" \/>\n<meta property=\"og:description\" content=\"Alquiler de medio d\u00eda: 4 horas con titulaci\u00f3n m\u00ednima y licencia de navegaci\u00f3n. Capacidad para 3 personas y fianza de 700 \u20ac, si la reserva es de m\u00e1s de 2 motos la fianza ser\u00e1 de 1000 \u20ac (Gasolina NO incluida).  Las SALIDAS de esta actividad se realizaran a las 10:00 y a las 15:00 horas\" \/>\n<meta property=\"og:url\" content=\"https:\/\/watersportsantapola.com\/reservas\/product\/alquiler-de-motos-de-agua-en-santa-pola-con-licencia-gtx-130\/\" \/>\n<meta property=\"og:site_name\" content=\"alquiler de veleros en santa pola | barcos de alquiler en santa pola\" \/>\n<meta property=\"article:modified_time\" content=\"2026-03-15T18:46:53+00:00\" \/>\n<meta property=\"og:image\" content=\"https:\/\/watersportsantapola.com\/reservas\/wp-content\/uploads\/2021\/03\/alquiler-de-embarcaciones-en-santa-pola-alquiler-de-barcos-con-licencia-2.jpg\" \/>\n\t<meta property=\"og:image:width\" content=\"650\" \/>\n\t<meta property=\"og:image:height\" content=\"420\" \/>\n<meta name=\"twitter:card\" content=\"summary_large_image\" \/>\n<script type=\"application\/ld+json\" class=\"yoast-schema-graph\">{\"@context\":\"https:\/\/schema.org\",\"@graph\":[{\"@type\":\"WebSite\",\"@id\":\"https:\/\/watersportsantapola.com\/reservas\/#website\",\"url\":\"https:\/\/watersportsantapola.com\/reservas\/\",\"name\":\"alquiler de veleros en santa pola | barcos de alquiler en santa pola\",\"description\":\"Jet Ski Santa Pola \",\"potentialAction\":[{\"@type\":\"SearchAction\",\"target\":\"https:\/\/watersportsantapola.com\/reservas\/?s={search_term_string}\",\"query-input\":\"required name=search_term_string\"}],\"inLanguage\":\"es\"},{\"@type\":\"ImageObject\",\"@id\":\"https:\/\/watersportsantapola.com\/reservas\/product\/alquiler-de-motos-de-agua-en-santa-pola-con-licencia-gtx-130\/#primaryimage\",\"inLanguage\":\"es\",\"url\":\"https:\/\/watersportsantapola.com\/reservas\/wp-content\/uploads\/2021\/03\/alquiler-de-embarcaciones-en-santa-pola-alquiler-de-barcos-con-licencia-2.jpg\",\"width\":650,\"height\":420},{\"@type\":\"WebPage\",\"@id\":\"https:\/\/watersportsantapola.com\/reservas\/product\/alquiler-de-motos-de-agua-en-santa-pola-con-licencia-gtx-130\/#webpage\",\"url\":\"https:\/\/watersportsantapola.com\/reservas\/product\/alquiler-de-motos-de-agua-en-santa-pola-con-licencia-gtx-130\/\",\"name\":\"Jet Ski libre 4 Horas GTX 130 - alquiler de veleros en santa pola | barcos de alquiler en santa pola\",\"isPartOf\":{\"@id\":\"https:\/\/watersportsantapola.com\/reservas\/#website\"},\"primaryImageOfPage\":{\"@id\":\"https:\/\/watersportsantapola.com\/reservas\/product\/alquiler-de-motos-de-agua-en-santa-pola-con-licencia-gtx-130\/#primaryimage\"},\"datePublished\":\"2021-03-17T13:27:04+00:00\",\"dateModified\":\"2026-03-15T18:46:53+00:00\",\"inLanguage\":\"es\",\"potentialAction\":[{\"@type\":\"ReadAction\",\"target\":[\"https:\/\/watersportsantapola.com\/reservas\/product\/alquiler-de-motos-de-agua-en-santa-pola-con-licencia-gtx-130\/\"]}]}]}<\/script>\n<!-- \/ Yoast SEO Premium plugin. -->","_links":{"self":[{"href":"https:\/\/watersportsantapola.com\/reservas\/wp-json\/wp\/v2\/product\/1591","targetHints":{"allow":["GET"]}}],"collection":[{"href":"https:\/\/watersportsantapola.com\/reservas\/wp-json\/wp\/v2\/product"}],"about":[{"href":"https:\/\/watersportsantapola.com\/reservas\/wp-json\/wp\/v2\/types\/product"}],"wp:featuredmedia":[{"embeddable":true,"href":"https:\/\/watersportsantapola.com\/reservas\/wp-json\/wp\/v2\/media\/2269"}],"wp:attachment":[{"href":"https:\/\/watersportsantapola.com\/reservas\/wp-json\/wp\/v2\/media?parent=1591"}],"wp:term":[{"taxonomy":"product_brand","embeddable":true,"href":"https:\/\/watersportsantapola.com\/reservas\/wp-json\/wp\/v2\/product_brand?post=1591"},{"taxonomy":"product_cat","embeddable":true,"href":"https:\/\/watersportsantapola.com\/reservas\/wp-json\/wp\/v2\/product_cat?post=1591"},{"taxonomy":"product_tag","embeddable":true,"href":"https:\/\/watersportsantapola.com\/reservas\/wp-json\/wp\/v2\/product_tag?post=1591"}],"curies":[{"name":"wp","href":"https:\/\/api.w.org\/{rel}","templated":true}]}}